{"id":2,"date":"2016-05-10T03:48:21","date_gmt":"2016-05-10T03:48:21","guid":{"rendered":"http:\/\/demo.mango-design.de\/?page_id=2"},"modified":"2020-02-06T08:29:01","modified_gmt":"2020-02-06T08:29:01","slug":"sample-page","status":"publish","type":"page","link":"https:\/\/www.arge-nord.de\/","title":{"rendered":"Willkommen"},"content":{"rendered":"<p>ARGE NORD \u2013 dieser Name steht f\u00fcr Fachkompetenz im Zuckerr\u00fcbenanbau Norddeutschlands. Mit praxisorientierten Feldversuchen leistet die Arbeitsgemeinschaft zur F\u00f6rderung des Zuckerr\u00fcbenanbaus in Norddeutschland e.V. \u2013 die ARGE NORD \u2013 einen entscheidenden Beitrag f\u00fcr einen wirtschaftlichen und qualit\u00e4tsorientierten Zuckerr\u00fcbenanbau.<\/p>\n<p>Wir testen Anbauverfahren, D\u00fcnge- und Pflanzenschutzmittel, neue Technologien und nat\u00fcrlich Sorten auf Parzellenebene, in mehrfacher Wiederholung. Damit k\u00f6nnen wir statistisch abgesicherte Aussagen zu acker- und pflanzenbaulichen Fragestellungen im Zuckerrr\u00fcbenanbau liefern. Haben wir Ihr Interesse geweckt? Gerne f\u00fchren wir auch f\u00fcr Ihr Unternehmen Dienstleistungsversuche durch.<\/p>\n<p><img loading=\"lazy\" decoding=\"async\" class=\"aligncenter wp-image-355 size-full\" src=\"http:\/\/www.arge-nord.com\/wordpress\/wp-content\/uploads\/2019\/02\/organisation-e1579780410443.jpg\" alt=\"Feld\" width=\"990\" height=\"442\" srcset=\"https:\/\/arge-nord.com\/wp-content\/uploads\/2019\/02\/organisation-e1579780410443.jpg 990w, https:\/\/arge-nord.com\/wp-content\/uploads\/2019\/02\/organisation-e1579780410443-300x134.jpg 300w, https:\/\/arge-nord.com\/wp-content\/uploads\/2019\/02\/organisation-e1579780410443-768x343.jpg 768w\" sizes=\"(max-width: 990px) 100vw, 990px\" \/><\/p>\n","protected":false},"excerpt":{"rendered":"<p>ARGE NORD \u2013 dieser Name steht f\u00fcr Fachkompetenz im Zuckerr\u00fcbenanbau Norddeutschlands. Mit praxisorientierten Feldversuchen leistet die Arbeitsgemeinschaft zur F\u00f6rderung des Zuckerr\u00fcbenanbaus in Norddeutschland e.V. \u2013 die ARGE NORD \u2013 einen entscheidenden Beitrag f\u00fcr einen wirtschaftlichen und qualit\u00e4tsorientierten Zuckerr\u00fcbenanbau. Wir testen Anbauverfahren, D\u00fcnge- und Pflanzenschutzmittel, neue Technologien und nat\u00fcrlich Sorten auf Parzellenebene, in mehrfacher Wiederholung. Damit&#8230;<\/p>\n","protected":false},"author":1,"featured_media":0,"parent":0,"menu_order":0,"comment_status":"closed","ping_status":"open","template":"","meta":{"footnotes":""},"_links":{"self":[{"href":"https:\/\/www.arge-nord.de\/index.php?rest_route=\/wp\/v2\/pages\/2"}],"collection":[{"href":"https:\/\/www.arge-nord.de\/index.php?rest_route=\/wp\/v2\/pages"}],"about":[{"href":"https:\/\/www.arge-nord.de\/index.php?rest_route=\/wp\/v2\/types\/page"}],"author":[{"embeddable":true,"href":"https:\/\/www.arge-nord.de\/index.php?rest_route=\/wp\/v2\/users\/1"}],"replies":[{"embeddable":true,"href":"https:\/\/www.arge-nord.de\/index.php?rest_route=%2Fwp%2Fv2%2Fcomments&post=2"}],"version-history":[{"count":9,"href":"https:\/\/www.arge-nord.de\/index.php?rest_route=\/wp\/v2\/pages\/2\/revisions"}],"predecessor-version":[{"id":1840,"href":"https:\/\/www.arge-nord.de\/index.php?rest_route=\/wp\/v2\/pages\/2\/revisions\/1840"}],"wp:attachment":[{"href":"https:\/\/www.arge-nord.de\/index.php?rest_route=%2Fwp%2Fv2%2Fmedia&parent=2"}],"curies":[{"name":"wp","href":"https:\/\/api.w.org\/{rel}","templated":true}]}}