{"id":211,"date":"2019-01-28T14:05:12","date_gmt":"2019-01-28T14:05:12","guid":{"rendered":"http:\/\/demo.mango-design.de\/?page_id=211"},"modified":"2019-03-07T14:42:00","modified_gmt":"2019-03-07T14:42:00","slug":"anfahrt","status":"publish","type":"page","link":"https:\/\/www.arge-nord.de\/?page_id=211","title":{"rendered":"Anfahrt"},"content":{"rendered":"\r\n<p><strong>Gesch\u00e4ftsstelle Braunschweig-Broitzem<\/strong><br \/>Helene-K\u00fcnne-Allee 5<br \/>38122 Braunschweig<\/p>\r\n<figure id=\"attachment_622\" aria-describedby=\"caption-attachment-622\" style=\"width: 1024px\" class=\"wp-caption alignnone\"><a href=\"http:\/\/www.arge-nord.com\/wordpress\/wp-content\/uploads\/2019\/03\/anfahrt_braunschweig.jpg\" target=\"_blank\" rel=\"noopener noreferrer\" data-rel=\"lightbox-image-0\" data-rl_title=\"\" data-rl_caption=\"\" title=\"\"><img loading=\"lazy\" decoding=\"async\" class=\"wp-image-622 size-large\" src=\"http:\/\/www.arge-nord.com\/wordpress\/wp-content\/uploads\/2019\/03\/anfahrt_braunschweig-1024x593.jpg\" alt=\"\" width=\"1024\" height=\"593\" srcset=\"https:\/\/arge-nord.com\/wp-content\/uploads\/2019\/03\/anfahrt_braunschweig-1024x593.jpg 1024w, https:\/\/arge-nord.com\/wp-content\/uploads\/2019\/03\/anfahrt_braunschweig-300x174.jpg 300w, https:\/\/arge-nord.com\/wp-content\/uploads\/2019\/03\/anfahrt_braunschweig-768x444.jpg 768w, https:\/\/arge-nord.com\/wp-content\/uploads\/2019\/03\/anfahrt_braunschweig.jpg 1918w\" sizes=\"(max-width: 1024px) 100vw, 1024px\" \/><\/a><figcaption id=\"caption-attachment-622\" class=\"wp-caption-text\">Bitte das Bild zum Vergr\u00f6\u00dfern anklicken.<\/figcaption><\/figure>\r\n<hr \/>\r\n<p><strong>B\u00fcro Uelzen<br \/><\/strong> An der Zuckerfabrik 1<br \/>29525 Uelzen<\/p>\r\n<figure id=\"attachment_623\" aria-describedby=\"caption-attachment-623\" style=\"width: 1024px\" class=\"wp-caption alignnone\"><a href=\"http:\/\/www.arge-nord.com\/wordpress\/wp-content\/uploads\/2019\/03\/anfahrt_uelzen.jpg\" target=\"_blank\" rel=\"noopener noreferrer\" data-rel=\"lightbox-image-1\" data-rl_title=\"\" data-rl_caption=\"\" title=\"\"><img loading=\"lazy\" decoding=\"async\" class=\"wp-image-623 size-large\" src=\"http:\/\/www.arge-nord.com\/wordpress\/wp-content\/uploads\/2019\/03\/anfahrt_uelzen-1024x593.jpg\" alt=\"\" width=\"1024\" height=\"593\" srcset=\"https:\/\/arge-nord.com\/wp-content\/uploads\/2019\/03\/anfahrt_uelzen-1024x593.jpg 1024w, https:\/\/arge-nord.com\/wp-content\/uploads\/2019\/03\/anfahrt_uelzen-300x174.jpg 300w, https:\/\/arge-nord.com\/wp-content\/uploads\/2019\/03\/anfahrt_uelzen-768x444.jpg 768w, https:\/\/arge-nord.com\/wp-content\/uploads\/2019\/03\/anfahrt_uelzen.jpg 1918w\" sizes=\"(max-width: 1024px) 100vw, 1024px\" \/><\/a><figcaption id=\"caption-attachment-623\" class=\"wp-caption-text\">Bitte das Bild zum Vergr\u00f6\u00dfern anklicken.<\/figcaption><\/figure>\r\n","protected":false},"excerpt":{"rendered":"<p>Gesch\u00e4ftsstelle Braunschweig-BroitzemHelene-K\u00fcnne-Allee 538122 Braunschweig B\u00fcro Uelzen An der Zuckerfabrik 129525 Uelzen<\/p>\n","protected":false},"author":1,"featured_media":0,"parent":0,"menu_order":0,"comment_status":"closed","ping_status":"closed","template":"","meta":{"footnotes":""},"_links":{"self":[{"href":"https:\/\/www.arge-nord.de\/index.php?rest_route=\/wp\/v2\/pages\/211"}],"collection":[{"href":"https:\/\/www.arge-nord.de\/index.php?rest_route=\/wp\/v2\/pages"}],"about":[{"href":"https:\/\/www.arge-nord.de\/index.php?rest_route=\/wp\/v2\/types\/page"}],"author":[{"embeddable":true,"href":"https:\/\/www.arge-nord.de\/index.php?rest_route=\/wp\/v2\/users\/1"}],"replies":[{"embeddable":true,"href":"https:\/\/www.arge-nord.de\/index.php?rest_route=%2Fwp%2Fv2%2Fcomments&post=211"}],"version-history":[{"count":15,"href":"https:\/\/www.arge-nord.de\/index.php?rest_route=\/wp\/v2\/pages\/211\/revisions"}],"predecessor-version":[{"id":729,"href":"https:\/\/www.arge-nord.de\/index.php?rest_route=\/wp\/v2\/pages\/211\/revisions\/729"}],"wp:attachment":[{"href":"https:\/\/www.arge-nord.de\/index.php?rest_route=%2Fwp%2Fv2%2Fmedia&parent=211"}],"curies":[{"name":"wp","href":"https:\/\/api.w.org\/{rel}","templated":true}]}}