{"id":213,"date":"2019-01-28T14:05:26","date_gmt":"2019-01-28T14:05:26","guid":{"rendered":"http:\/\/demo.mango-design.de\/?page_id=213"},"modified":"2026-03-31T13:43:47","modified_gmt":"2026-03-31T13:43:47","slug":"mitarbeiter","status":"publish","type":"page","link":"https:\/\/www.arge-nord.de\/?page_id=213","title":{"rendered":"Mitarbeiter"},"content":{"rendered":"<div id=\"pl-213\"  class=\"panel-layout\" ><div id=\"pg-213-0\"  class=\"panel-grid panel-no-style\" ><div id=\"pgc-213-0-0\"  class=\"panel-grid-cell\" ><div id=\"panel-213-0-0-0\" class=\"so-panel widget widget_media_image panel-first-child panel-last-child\" data-index=\"0\" ><img loading=\"lazy\" decoding=\"async\" width=\"250\" height=\"250\" src=\"https:\/\/arge-nord.com\/wp-content\/uploads\/2019\/05\/S_Baumgarten_Profil.jpg\" class=\"image wp-image-764  attachment-full size-full\" alt=\"\" style=\"max-width: 100%; height: auto;\" srcset=\"https:\/\/arge-nord.com\/wp-content\/uploads\/2019\/05\/S_Baumgarten_Profil.jpg 250w, https:\/\/arge-nord.com\/wp-content\/uploads\/2019\/05\/S_Baumgarten_Profil-150x150.jpg 150w\" sizes=\"(max-width: 250px) 100vw, 250px\" \/><\/div><\/div><div id=\"pgc-213-0-1\"  class=\"panel-grid-cell panel-grid-cell-mobile-last\" ><div id=\"panel-213-0-1-0\" class=\"so-panel widget widget_text panel-first-child panel-last-child\" data-index=\"1\" >\t\t\t<div class=\"textwidget\"><div class=\"wp-block-column\">\n<p><strong>Stephen Baumgarten<\/strong><br \/>\n<em>Gesch\u00e4ftsf\u00fchrer <\/em><\/p>\n<p>Mobil 0151 &#8211; 17151955<br \/>\nB\u00fcro\u00a0\u00a0 0531 &#8211; 87604337<br \/>\nstephen.baumgarten@arge-nord.de<\/p>\n<\/div>\n<\/div>\n\t\t<\/div><\/div><div id=\"pgc-213-0-2\"  class=\"panel-grid-cell panel-grid-cell-empty\" ><\/div><\/div><div id=\"pg-213-1\"  class=\"panel-grid panel-no-style\" ><div id=\"pgc-213-1-0\"  class=\"panel-grid-cell\" ><div id=\"panel-213-1-0-0\" class=\"so-panel widget widget_media_image panel-first-child panel-last-child\" data-index=\"2\" ><img loading=\"lazy\" decoding=\"async\" width=\"250\" height=\"250\" src=\"https:\/\/arge-nord.com\/wp-content\/uploads\/2019\/03\/angela_helmold-wernich.jpg\" class=\"image wp-image-555  attachment-full size-full\" alt=\"Angela Helmold-Wernich\" style=\"max-width: 100%; height: auto;\" srcset=\"https:\/\/arge-nord.com\/wp-content\/uploads\/2019\/03\/angela_helmold-wernich.jpg 250w, https:\/\/arge-nord.com\/wp-content\/uploads\/2019\/03\/angela_helmold-wernich-150x150.jpg 150w\" sizes=\"(max-width: 250px) 100vw, 250px\" \/><\/div><\/div><div id=\"pgc-213-1-1\"  class=\"panel-grid-cell panel-grid-cell-mobile-last\" ><div id=\"panel-213-1-1-0\" class=\"so-panel widget widget_text panel-first-child panel-last-child\" data-index=\"3\" >\t\t\t<div class=\"textwidget\"><div class=\"wp-block-column\">\n<div class=\"wp-block-column\">\n<div class=\"wp-block-column\">\n<p><strong>Angela Helmold-Wernich<\/strong><br \/>\n<em>Verwaltung \/ Versuchswesen<\/em><\/p>\n<p>Mobil 0151 &#8211; 17151946<br \/>\nB\u00fcro\u00a0\u00a0 0531 &#8211; 6802242<br \/>\nangela.helmold-wernich@arge-nord.de<\/p>\n<\/div>\n<\/div>\n<\/div>\n<\/div>\n\t\t<\/div><\/div><div id=\"pgc-213-1-2\"  class=\"panel-grid-cell panel-grid-cell-empty\" ><\/div><\/div><div id=\"pg-213-2\"  class=\"panel-grid panel-no-style\" ><div id=\"pgc-213-2-0\"  class=\"panel-grid-cell\" ><div id=\"panel-213-2-0-0\" class=\"so-panel widget widget_media_image panel-first-child panel-last-child\" data-index=\"4\" ><img loading=\"lazy\" decoding=\"async\" width=\"250\" height=\"250\" src=\"https:\/\/arge-nord.com\/wp-content\/uploads\/2019\/03\/juergen_helms.jpg\" class=\"image wp-image-560  attachment-full size-full\" alt=\"Juergen Helms\" style=\"max-width: 100%; height: auto;\" srcset=\"https:\/\/arge-nord.com\/wp-content\/uploads\/2019\/03\/juergen_helms.jpg 250w, https:\/\/arge-nord.com\/wp-content\/uploads\/2019\/03\/juergen_helms-150x150.jpg 150w\" sizes=\"(max-width: 250px) 100vw, 250px\" \/><\/div><\/div><div id=\"pgc-213-2-1\"  class=\"panel-grid-cell panel-grid-cell-mobile-last\" ><div id=\"panel-213-2-1-0\" class=\"so-panel widget widget_text panel-first-child panel-last-child\" data-index=\"5\" >\t\t\t<div class=\"textwidget\"><div class=\"wp-block-column\">\n<div class=\"wp-block-column\">\n<p><strong>J\u00fcrgen Helms<\/strong><br \/>\n<em>Versuchstechniker<\/em><\/p>\n<p>Mobil 0172 &#8211; 4503112<br \/>\nB\u00fcro\u00a0\u00a0 0581 &#8211; 89191<br \/>\njuergen.helms@arge-nord.de<\/p>\n<\/div>\n<\/div>\n<\/div>\n\t\t<\/div><\/div><div id=\"pgc-213-2-2\"  class=\"panel-grid-cell panel-grid-cell-empty\" ><\/div><\/div><div id=\"pg-213-3\"  class=\"panel-grid panel-no-style\" ><div id=\"pgc-213-3-0\"  class=\"panel-grid-cell\" ><div id=\"panel-213-3-0-0\" class=\"so-panel widget widget_media_image panel-first-child panel-last-child\" data-index=\"6\" ><img loading=\"lazy\" decoding=\"async\" width=\"250\" height=\"250\" src=\"https:\/\/arge-nord.com\/wp-content\/uploads\/2019\/05\/simon2-1.png\" class=\"image wp-image-757  attachment-full size-full\" alt=\"\" style=\"max-width: 100%; height: auto;\" srcset=\"https:\/\/arge-nord.com\/wp-content\/uploads\/2019\/05\/simon2-1.png 250w, https:\/\/arge-nord.com\/wp-content\/uploads\/2019\/05\/simon2-1-150x150.png 150w\" sizes=\"(max-width: 250px) 100vw, 250px\" \/><\/div><\/div><div id=\"pgc-213-3-1\"  class=\"panel-grid-cell panel-grid-cell-mobile-last\" ><div id=\"panel-213-3-1-0\" class=\"so-panel widget widget_text panel-first-child panel-last-child\" data-index=\"7\" >\t\t\t<div class=\"textwidget\"><div class=\"wp-block-column\">\n<div class=\"wp-block-column\">\n<div class=\"wp-block-column\">\n<div class=\"wp-block-column\">\n<div class=\"wp-block-column\">\n<p><strong>Simon Schrader<\/strong><br \/>\n<em>Versuchstechniker<\/em><\/p>\n<p>Mobil 0151 &#8211; 44698603<br \/>\nsimon.schrader@arge-nord.de<\/p>\n<\/div>\n<\/div>\n<\/div>\n<\/div>\n<\/div>\n<\/div>\n\t\t<\/div><\/div><div id=\"pgc-213-3-2\"  class=\"panel-grid-cell panel-grid-cell-empty\" ><\/div><\/div><div id=\"pg-213-4\"  class=\"panel-grid panel-no-style\" ><div id=\"pgc-213-4-0\"  class=\"panel-grid-cell\" ><div id=\"panel-213-4-0-0\" class=\"so-panel widget widget_media_image panel-first-child panel-last-child\" data-index=\"8\" ><img loading=\"lazy\" decoding=\"async\" width=\"1491\" height=\"1612\" src=\"https:\/\/arge-nord.com\/wp-content\/uploads\/2024\/04\/Bild-Marco-Pieper.jpg\" class=\"image wp-image-3821  attachment-full size-full\" alt=\"\" style=\"max-width: 100%; height: auto;\" srcset=\"https:\/\/arge-nord.com\/wp-content\/uploads\/2024\/04\/Bild-Marco-Pieper.jpg 1491w, https:\/\/arge-nord.com\/wp-content\/uploads\/2024\/04\/Bild-Marco-Pieper-277x300.jpg 277w, https:\/\/arge-nord.com\/wp-content\/uploads\/2024\/04\/Bild-Marco-Pieper-947x1024.jpg 947w, https:\/\/arge-nord.com\/wp-content\/uploads\/2024\/04\/Bild-Marco-Pieper-768x830.jpg 768w, https:\/\/arge-nord.com\/wp-content\/uploads\/2024\/04\/Bild-Marco-Pieper-1421x1536.jpg 1421w\" sizes=\"(max-width: 1491px) 100vw, 1491px\" \/><\/div><\/div><div id=\"pgc-213-4-1\"  class=\"panel-grid-cell panel-grid-cell-mobile-last\" ><div id=\"panel-213-4-1-0\" class=\"so-panel widget widget_text panel-first-child panel-last-child\" data-index=\"9\" >\t\t\t<div class=\"textwidget\"><p><strong>Marco Pieper<\/strong><br \/>\n<em>Versuchstechniker<\/em><\/p>\n<p>Mobil 0152 52742869<br \/>\nmarco.pieper@arge-nord.de<\/p>\n<p>&nbsp;<\/p>\n<\/div>\n\t\t<\/div><\/div><div id=\"pgc-213-4-2\"  class=\"panel-grid-cell panel-grid-cell-empty\" ><\/div><\/div><div id=\"pg-213-5\"  class=\"panel-grid panel-no-style\" ><div id=\"pgc-213-5-0\"  class=\"panel-grid-cell panel-grid-cell-empty\" ><\/div><div id=\"pgc-213-5-1\"  class=\"panel-grid-cell panel-grid-cell-empty panel-grid-cell-mobile-last\" ><\/div><div id=\"pgc-213-5-2\"  class=\"panel-grid-cell panel-grid-cell-empty\" ><\/div><\/div><div id=\"pg-213-6\"  class=\"panel-grid panel-no-style\" ><div id=\"pgc-213-6-0\"  class=\"panel-grid-cell\" ><div id=\"panel-213-6-0-0\" class=\"so-panel widget widget_media_image panel-first-child panel-last-child\" data-index=\"10\" ><img loading=\"lazy\" decoding=\"async\" width=\"250\" height=\"250\" src=\"https:\/\/arge-nord.com\/wp-content\/uploads\/2020\/03\/IMG_E0085_s-e1584289858959-300x300.jpg\" class=\"image wp-image-1302  attachment-250x250 size-250x250\" alt=\"\" style=\"max-width: 100%; height: auto;\" srcset=\"https:\/\/arge-nord.com\/wp-content\/uploads\/2020\/03\/IMG_E0085_s-e1584289858959-300x300.jpg 300w, https:\/\/arge-nord.com\/wp-content\/uploads\/2020\/03\/IMG_E0085_s-e1584289858959-1024x1024.jpg 1024w, https:\/\/arge-nord.com\/wp-content\/uploads\/2020\/03\/IMG_E0085_s-e1584289858959-768x768.jpg 768w, https:\/\/arge-nord.com\/wp-content\/uploads\/2020\/03\/IMG_E0085_s-e1584289858959-1536x1536.jpg 1536w, https:\/\/arge-nord.com\/wp-content\/uploads\/2020\/03\/IMG_E0085_s-e1584289858959.jpg 1621w\" sizes=\"(max-width: 250px) 100vw, 250px\" \/><\/div><\/div><div id=\"pgc-213-6-1\"  class=\"panel-grid-cell panel-grid-cell-mobile-last\" ><div id=\"panel-213-6-1-0\" class=\"so-panel widget widget_text panel-first-child panel-last-child\" data-index=\"11\" >\t\t\t<div class=\"textwidget\"><div class=\"wp-block-column\">\n<div class=\"wp-block-column\">\n<div class=\"wp-block-column\">\n<div class=\"wp-block-column\">\n<div class=\"wp-block-column\">\n<div class=\"wp-block-column\">\n<p><strong>Judith Berger<\/strong><br \/>\n<em>Wissenschaftl. Versuchsbetreuung<\/em><\/p>\n<p>Mobil 0162 &#8211; 2363034<br \/>\njudith.berger@arge-nord.de<\/p>\n<p>&nbsp;<\/p>\n<p>&nbsp;<\/p>\n<\/div>\n<\/div>\n<\/div>\n<\/div>\n<\/div>\n<\/div>\n<\/div>\n\t\t<\/div><\/div><div id=\"pgc-213-6-2\"  class=\"panel-grid-cell panel-grid-cell-empty\" ><\/div><\/div><\/div>","protected":false},"excerpt":{"rendered":"<p>Stephen Baumgarten Gesch\u00e4ftsf\u00fchrer Mobil 0151 &#8211; 17151955 B\u00fcro\u00a0\u00a0 0531 &#8211; 87604337 stephen.baumgarten@arge-nord.de Angela Helmold-Wernich Verwaltung \/ Versuchswesen Mobil 0151 &#8211; 17151946 B\u00fcro\u00a0\u00a0 0531 &#8211; 6802242 angela.helmold-wernich@arge-nord.de<\/p>\n","protected":false},"author":1,"featured_media":0,"parent":0,"menu_order":0,"comment_status":"closed","ping_status":"closed","template":"","meta":{"footnotes":""},"_links":{"self":[{"href":"https:\/\/www.arge-nord.de\/index.php?rest_route=\/wp\/v2\/pages\/213"}],"collection":[{"href":"https:\/\/www.arge-nord.de\/index.php?rest_route=\/wp\/v2\/pages"}],"about":[{"href":"https:\/\/www.arge-nord.de\/index.php?rest_route=\/wp\/v2\/types\/page"}],"author":[{"embeddable":true,"href":"https:\/\/www.arge-nord.de\/index.php?rest_route=\/wp\/v2\/users\/1"}],"replies":[{"embeddable":true,"href":"https:\/\/www.arge-nord.de\/index.php?rest_route=%2Fwp%2Fv2%2Fcomments&post=213"}],"version-history":[{"count":112,"href":"https:\/\/www.arge-nord.de\/index.php?rest_route=\/wp\/v2\/pages\/213\/revisions"}],"predecessor-version":[{"id":4197,"href":"https:\/\/www.arge-nord.de\/index.php?rest_route=\/wp\/v2\/pages\/213\/revisions\/4197"}],"wp:attachment":[{"href":"https:\/\/www.arge-nord.de\/index.php?rest_route=%2Fwp%2Fv2%2Fmedia&parent=213"}],"curies":[{"name":"wp","href":"https:\/\/api.w.org\/{rel}","templated":true}]}}