{"id":23,"date":"2019-01-25T10:04:45","date_gmt":"2019-01-25T10:04:45","guid":{"rendered":"http:\/\/demo.mango-design.de\/?page_id=23"},"modified":"2026-04-20T11:14:26","modified_gmt":"2026-04-20T11:14:26","slug":"ueber-uns","status":"publish","type":"page","link":"https:\/\/www.arge-nord.de\/?page_id=23","title":{"rendered":"\u00dcber uns"},"content":{"rendered":"\r\n\r\n\r\n<p>Die ARGE NORD f\u00fchrt Feldversuche im gesamten norddeutschen Zuckerr\u00fcbenanbaugebiet durch. Das Spektrum der Versuche reicht von Herbizidversuchen ohne Beerntung bis hin zu Sortenversuchen mit verschiedenen Fungizidapplikationen und Beerntung.<\/p>\r\n\r\n\r\n\r\n<p>Die ARGE NORD besitzt eine GEP Zertifizierung. Wir sind damit berechtigt, f\u00fcr die Zulassung von Sorten und Pflanzenschutzmitteln relevante landwirtschaftliche Exaktversuche durchzuf\u00fchren. Die Versuchsergebnisse flie\u00dfen in offizielle Berichte und Zulassungsverhandlungen ein.<\/p>\r\n<p><a href=\"https:\/\/arge-nord.com\/wp-content\/uploads\/2026\/04\/Team-Folie_Stand-April-2026.jpg\" data-rel=\"lightbox-image-0\" data-rl_title=\"\" data-rl_caption=\"\" title=\"\"><img loading=\"lazy\" decoding=\"async\" class=\"aligncenter size-large wp-image-4408\" src=\"https:\/\/arge-nord.com\/wp-content\/uploads\/2026\/04\/Team-Folie_Stand-April-2026-1024x576.jpg\" alt=\"\" width=\"1024\" height=\"576\" srcset=\"https:\/\/arge-nord.com\/wp-content\/uploads\/2026\/04\/Team-Folie_Stand-April-2026-1024x576.jpg 1024w, https:\/\/arge-nord.com\/wp-content\/uploads\/2026\/04\/Team-Folie_Stand-April-2026-300x169.jpg 300w, https:\/\/arge-nord.com\/wp-content\/uploads\/2026\/04\/Team-Folie_Stand-April-2026-768x432.jpg 768w, https:\/\/arge-nord.com\/wp-content\/uploads\/2026\/04\/Team-Folie_Stand-April-2026.jpg 1280w\" sizes=\"(max-width: 1024px) 100vw, 1024px\" \/><\/a><\/p>\r\n\r\n\r\n","protected":false},"excerpt":{"rendered":"<p>Die ARGE NORD f\u00fchrt Feldversuche im gesamten norddeutschen Zuckerr\u00fcbenanbaugebiet durch. Das Spektrum der Versuche reicht von Herbizidversuchen ohne Beerntung bis hin zu Sortenversuchen mit verschiedenen Fungizidapplikationen und Beerntung. Die ARGE NORD besitzt eine GEP Zertifizierung. Wir sind damit berechtigt, f\u00fcr die Zulassung von Sorten und Pflanzenschutzmitteln relevante landwirtschaftliche Exaktversuche durchzuf\u00fchren. Die Versuchsergebnisse flie\u00dfen in offizielle&#8230;<\/p>\n","protected":false},"author":1,"featured_media":0,"parent":0,"menu_order":0,"comment_status":"closed","ping_status":"closed","template":"","meta":{"footnotes":""},"_links":{"self":[{"href":"https:\/\/www.arge-nord.de\/index.php?rest_route=\/wp\/v2\/pages\/23"}],"collection":[{"href":"https:\/\/www.arge-nord.de\/index.php?rest_route=\/wp\/v2\/pages"}],"about":[{"href":"https:\/\/www.arge-nord.de\/index.php?rest_route=\/wp\/v2\/types\/page"}],"author":[{"embeddable":true,"href":"https:\/\/www.arge-nord.de\/index.php?rest_route=\/wp\/v2\/users\/1"}],"replies":[{"embeddable":true,"href":"https:\/\/www.arge-nord.de\/index.php?rest_route=%2Fwp%2Fv2%2Fcomments&post=23"}],"version-history":[{"count":14,"href":"https:\/\/www.arge-nord.de\/index.php?rest_route=\/wp\/v2\/pages\/23\/revisions"}],"predecessor-version":[{"id":4411,"href":"https:\/\/www.arge-nord.de\/index.php?rest_route=\/wp\/v2\/pages\/23\/revisions\/4411"}],"wp:attachment":[{"href":"https:\/\/www.arge-nord.de\/index.php?rest_route=%2Fwp%2Fv2%2Fmedia&parent=23"}],"curies":[{"name":"wp","href":"https:\/\/api.w.org\/{rel}","templated":true}]}}