{"id":25,"date":"2019-01-25T10:05:04","date_gmt":"2019-01-25T10:05:04","guid":{"rendered":"http:\/\/demo.mango-design.de\/?page_id=25"},"modified":"2020-01-02T09:38:24","modified_gmt":"2020-01-02T09:38:24","slug":"versuche","status":"publish","type":"page","link":"https:\/\/www.arge-nord.de\/?page_id=25","title":{"rendered":"Versuche"},"content":{"rendered":"\r\n<p>Erfolgreicher Zuckerr\u00fcbenanbau braucht aktuelle und praxisorientierte Feldforschung. Die Versuchsergebnisse der ARGE NORD sind Grundlage der Beratung im Bereich der Nordzucker AG. Dar\u00fcber hinaus dienen sie als Grundlage f\u00fcr offizielle Berichte und Zulassungen von Sorten und Produkten.<\/p>\r\n<p>Sie ben\u00f6tigen weitere Grafiken? Wir stellen Ihnen interessante Ergebnisse online und zum Download zur Verf\u00fcgung. Wir w\u00fcrden uns freuen, wenn Sie die Diagramme in Ihrer Beratungsarbeit nutzen. Bei der Verwendung f\u00fcr Werbezwecke ist die Zustimmung der ARGE NORD erforderlich.<\/p>\r\n<p><img loading=\"lazy\" decoding=\"async\" class=\"alignnone size-full wp-image-351\" src=\"http:\/\/demo.mango-design.de\/wp-content\/uploads\/2019\/02\/versuchsergebnisse.jpg\" alt=\"\" width=\"1024\" height=\"768\" srcset=\"https:\/\/arge-nord.com\/wp-content\/uploads\/2019\/02\/versuchsergebnisse.jpg 1024w, https:\/\/arge-nord.com\/wp-content\/uploads\/2019\/02\/versuchsergebnisse-300x225.jpg 300w, https:\/\/arge-nord.com\/wp-content\/uploads\/2019\/02\/versuchsergebnisse-768x576.jpg 768w, https:\/\/arge-nord.com\/wp-content\/uploads\/2019\/02\/versuchsergebnisse-350x263.jpg 350w, https:\/\/arge-nord.com\/wp-content\/uploads\/2019\/02\/versuchsergebnisse-780x586.jpg 780w, https:\/\/arge-nord.com\/wp-content\/uploads\/2019\/02\/versuchsergebnisse-250x188.jpg 250w\" sizes=\"(max-width: 1024px) 100vw, 1024px\" \/><\/p>\r\n","protected":false},"excerpt":{"rendered":"<p>Erfolgreicher Zuckerr\u00fcbenanbau braucht aktuelle und praxisorientierte Feldforschung. Die Versuchsergebnisse der ARGE NORD sind Grundlage der Beratung im Bereich der Nordzucker AG. Dar\u00fcber hinaus dienen sie als Grundlage f\u00fcr offizielle Berichte und Zulassungen von Sorten und Produkten. Sie ben\u00f6tigen weitere Grafiken? Wir stellen Ihnen interessante Ergebnisse online und zum Download zur Verf\u00fcgung. Wir w\u00fcrden uns freuen,&#8230;<\/p>\n","protected":false},"author":1,"featured_media":0,"parent":0,"menu_order":0,"comment_status":"closed","ping_status":"closed","template":"","meta":{"footnotes":""},"_links":{"self":[{"href":"https:\/\/www.arge-nord.de\/index.php?rest_route=\/wp\/v2\/pages\/25"}],"collection":[{"href":"https:\/\/www.arge-nord.de\/index.php?rest_route=\/wp\/v2\/pages"}],"about":[{"href":"https:\/\/www.arge-nord.de\/index.php?rest_route=\/wp\/v2\/types\/page"}],"author":[{"embeddable":true,"href":"https:\/\/www.arge-nord.de\/index.php?rest_route=\/wp\/v2\/users\/1"}],"replies":[{"embeddable":true,"href":"https:\/\/www.arge-nord.de\/index.php?rest_route=%2Fwp%2Fv2%2Fcomments&post=25"}],"version-history":[{"count":8,"href":"https:\/\/www.arge-nord.de\/index.php?rest_route=\/wp\/v2\/pages\/25\/revisions"}],"predecessor-version":[{"id":877,"href":"https:\/\/www.arge-nord.de\/index.php?rest_route=\/wp\/v2\/pages\/25\/revisions\/877"}],"wp:attachment":[{"href":"https:\/\/www.arge-nord.de\/index.php?rest_route=%2Fwp%2Fv2%2Fmedia&parent=25"}],"curies":[{"name":"wp","href":"https:\/\/api.w.org\/{rel}","templated":true}]}}