{"id":27,"date":"2019-01-25T10:05:16","date_gmt":"2019-01-25T10:05:16","guid":{"rendered":"http:\/\/demo.mango-design.de\/?page_id=27"},"modified":"2023-03-08T11:35:06","modified_gmt":"2023-03-08T11:35:06","slug":"organisation","status":"publish","type":"page","link":"https:\/\/www.arge-nord.de\/?page_id=27","title":{"rendered":"Organisation"},"content":{"rendered":"\r\n\r\n\r\n<p>Mitglieder der ARGE NORD sind die Nordzucker AG und 8 Zuckerr\u00fcbenanbauerverb\u00e4nde aus Schleswig-Holstein, Niedersachsen, Mecklenburg-Vorpommern und Sachsen-Anhalt. Der parit\u00e4tisch besetzte Vorstand der Arbeitsgemeinschaft besteht aus 8 Personen.<\/p>\r\n<p>Die Arbeitsgruppe bildet das Sachverst\u00e4ndigengremium, in ihr sind die Experten des Zuckerunternehmens und der Anbauerverb\u00e4nde vertreten.<\/p>\r\n\r\n<p><strong>Mitglieder<br \/><\/strong> <a href=\"https:\/\/www.nordzucker.de\/home.html\" target=\"_blank\" rel=\"noopener noreferrer\">Nordzucker AG<\/a> <br \/><a href=\"https:\/\/www.dnz.de\/der-dnz-im-ueberblick\/regionalverbaende\/schleswig-holstein\/\" target=\"_blank\" rel=\"noopener noreferrer\">Zuckerr\u00fcbenanbauerverband Schleswig-Holstein<\/a> <br \/><a href=\"https:\/\/www.dnz.de\/der-dnz-im-ueberblick\/regionalverbaende\/hunte-weser\/\" target=\"_blank\" rel=\"noopener noreferrer\">Zuckerr\u00fcbenanbauerverband Hunte-Weser<\/a> <br \/><a href=\"https:\/\/www.dnz.de\/der-dnz-im-ueberblick\/regionalverbaende\/ruebenanbauer-und-aktionaersverband-nord\/\" target=\"_blank\" rel=\"noopener noreferrer\">R\u00fcbenanbauer- und Aktion\u00e4rsverband Nord<\/a> <br \/><a href=\"https:\/\/www.dnz.de\/der-dnz-im-ueberblick\/regionalverbaende\/niedersachsen-mitte\/\" target=\"_blank\" rel=\"noopener noreferrer\">Zuckerr\u00fcbenanbauerverband Niedersachsen-Mitte<\/a> <br \/><a href=\"https:\/\/www.dnz.de\/der-dnz-im-ueberblick\/regionalverbaende\/suedniedersachsen\/\" target=\"_blank\" rel=\"noopener noreferrer\">Zuckerr\u00fcbenanbauerverband S\u00fcdniedersachsen<\/a> <br \/><a href=\"https:\/\/www.dnz.de\/der-dnz-im-ueberblick\/regionalverbaende\/magdeburg\/\" target=\"_blank\" rel=\"noopener noreferrer\">Zuckerr\u00fcbenanbauerverband Magdeburg<\/a> <br \/><a href=\"https:\/\/www.dnz.de\/der-dnz-im-ueberblick\/regionalverbaende\/niedersachsen-ost\/\" target=\"_blank\" rel=\"noopener noreferrer\">Zuckerr\u00fcbenanbauerverband Niedersachsen Ost<\/a> <br \/><a href=\"https:\/\/www.dnz.de\/der-dnz-im-ueberblick\/regionalverbaende\/guestrow\/\" target=\"_blank\" rel=\"noopener noreferrer\">Zuckerr\u00fcbenanbauerverband G\u00fcstrow<\/a><\/p>\r\n<hr \/>\r\n<figure class=\"wp-block-image\">\r\n<p>&nbsp;<\/p>\r\n<\/figure>\r\n","protected":false},"excerpt":{"rendered":"","protected":false},"author":1,"featured_media":0,"parent":0,"menu_order":0,"comment_status":"closed","ping_status":"closed","template":"","meta":{"footnotes":""},"_links":{"self":[{"href":"https:\/\/www.arge-nord.de\/index.php?rest_route=\/wp\/v2\/pages\/27"}],"collection":[{"href":"https:\/\/www.arge-nord.de\/index.php?rest_route=\/wp\/v2\/pages"}],"about":[{"href":"https:\/\/www.arge-nord.de\/index.php?rest_route=\/wp\/v2\/types\/page"}],"author":[{"embeddable":true,"href":"https:\/\/www.arge-nord.de\/index.php?rest_route=\/wp\/v2\/users\/1"}],"replies":[{"embeddable":true,"href":"https:\/\/www.arge-nord.de\/index.php?rest_route=%2Fwp%2Fv2%2Fcomments&post=27"}],"version-history":[{"count":42,"href":"https:\/\/www.arge-nord.de\/index.php?rest_route=\/wp\/v2\/pages\/27\/revisions"}],"predecessor-version":[{"id":3243,"href":"https:\/\/www.arge-nord.de\/index.php?rest_route=\/wp\/v2\/pages\/27\/revisions\/3243"}],"wp:attachment":[{"href":"https:\/\/www.arge-nord.de\/index.php?rest_route=%2Fwp%2Fv2%2Fmedia&parent=27"}],"curies":[{"name":"wp","href":"https:\/\/api.w.org\/{rel}","templated":true}]}}