{"id":35,"date":"2019-01-25T10:08:22","date_gmt":"2019-01-25T10:08:22","guid":{"rendered":"http:\/\/demo.mango-design.de\/?page_id=35"},"modified":"2019-03-07T14:42:20","modified_gmt":"2019-03-07T14:42:20","slug":"kontakt","status":"publish","type":"page","link":"https:\/\/www.arge-nord.de\/?page_id=35","title":{"rendered":"Kontakt"},"content":{"rendered":"\r\n\r\n\r\n<p>Nehmen Sie Kontakt zu uns auf. Wir freuen uns \u00fcber Ihre Fragen und Anregungen.<\/p>\r\n\r\n\r\n\r\n<p><strong>Arbeitsgemeinschaft zur F\u00f6rderung<br \/>des Zuckerr\u00fcbenanbaus in Norddeutschland e.V.<\/strong><br \/><br \/>Helene-K\u00fcnne-Allee 5<br \/>38122 Braunschweig<br \/>Tel.: (0531) 6802242<br \/>Fax: (0531) 87604338<br \/>E-Mail: <a href=\"mailto:mail@arge-nord.de\">mail@arge-nord.de<\/a><\/p>\r\n\r\n\r\n\r\n<p><strong>ARGE NORD<\/strong><br \/>B\u00fcro Uelzen<br \/>An der Zuckerfabrik 1<br \/>29525 Uelzen<br \/>Tel.: (0581) 89191 <br \/>Fax: (0581) 89101<\/p>\r\n<p><img loading=\"lazy\" decoding=\"async\" class=\"alignnone size-full wp-image-285\" src=\"http:\/\/demo.mango-design.de\/wp-content\/uploads\/2019\/02\/kontakt.jpg\" alt=\"\" width=\"1000\" height=\"666\" srcset=\"https:\/\/arge-nord.com\/wp-content\/uploads\/2019\/02\/kontakt.jpg 1000w, https:\/\/arge-nord.com\/wp-content\/uploads\/2019\/02\/kontakt-300x200.jpg 300w, https:\/\/arge-nord.com\/wp-content\/uploads\/2019\/02\/kontakt-768x511.jpg 768w\" sizes=\"(max-width: 1000px) 100vw, 1000px\" \/><\/p>\r\n","protected":false},"excerpt":{"rendered":"<p>Nehmen Sie Kontakt zu uns auf. Wir freuen uns \u00fcber Ihre Fragen und Anregungen. Arbeitsgemeinschaft zur F\u00f6rderungdes Zuckerr\u00fcbenanbaus in Norddeutschland e.V. Helene-K\u00fcnne-Allee 538122 BraunschweigTel.: (0531) 6802242Fax: (0531) 87604338E-Mail: mail@arge-nord.de ARGE NORDB\u00fcro UelzenAn der Zuckerfabrik 129525 UelzenTel.: (0581) 89191 Fax: (0581) 89101<\/p>\n","protected":false},"author":1,"featured_media":0,"parent":0,"menu_order":0,"comment_status":"closed","ping_status":"closed","template":"","meta":{"footnotes":""},"_links":{"self":[{"href":"https:\/\/www.arge-nord.de\/index.php?rest_route=\/wp\/v2\/pages\/35"}],"collection":[{"href":"https:\/\/www.arge-nord.de\/index.php?rest_route=\/wp\/v2\/pages"}],"about":[{"href":"https:\/\/www.arge-nord.de\/index.php?rest_route=\/wp\/v2\/types\/page"}],"author":[{"embeddable":true,"href":"https:\/\/www.arge-nord.de\/index.php?rest_route=\/wp\/v2\/users\/1"}],"replies":[{"embeddable":true,"href":"https:\/\/www.arge-nord.de\/index.php?rest_route=%2Fwp%2Fv2%2Fcomments&post=35"}],"version-history":[{"count":11,"href":"https:\/\/www.arge-nord.de\/index.php?rest_route=\/wp\/v2\/pages\/35\/revisions"}],"predecessor-version":[{"id":518,"href":"https:\/\/www.arge-nord.de\/index.php?rest_route=\/wp\/v2\/pages\/35\/revisions\/518"}],"wp:attachment":[{"href":"https:\/\/www.arge-nord.de\/index.php?rest_route=%2Fwp%2Fv2%2Fmedia&parent=35"}],"curies":[{"name":"wp","href":"https:\/\/api.w.org\/{rel}","templated":true}]}}